{"id":12,"date":"2024-06-10T08:09:46","date_gmt":"2024-06-10T08:09:46","guid":{"rendered":"https:\/\/pacocollado.es\/?page_id=12"},"modified":"2024-06-13T15:42:17","modified_gmt":"2024-06-13T15:42:17","slug":"sobre-nosotros","status":"publish","type":"page","link":"https:\/\/pacocollado.es\/index.php\/sobre-nosotros\/","title":{"rendered":"Sobre nosotros"},"content":{"rendered":"<p><img loading=\"lazy\" decoding=\"async\" class=\"alignnone size-medium wp-image-8\" src=\"https:\/\/pacocollado.es\/wp-content\/uploads\/2024\/06\/logo-collado-300x191.jpg\" alt=\"\" width=\"300\" height=\"191\" srcset=\"https:\/\/pacocollado.es\/wp-content\/uploads\/2024\/06\/logo-collado-300x191.jpg 300w, https:\/\/pacocollado.es\/wp-content\/uploads\/2024\/06\/logo-collado.jpg 591w\" sizes=\"auto, (max-width: 300px) 100vw, 300px\" \/><\/p>\n<p><span style=\"font-weight: 400;\">\u00a0La empresa fue fundada en 1991 con un familiar llamada instalaciones el\u00e9ctricas montenegro hasta 1993, despu\u00e9s se cre\u00f3 en 1993 instalaciones paco collado hasta el a\u00f1o 2000, que se cre\u00f3 una sociedad limitada que dur\u00f3 tan solo 15 dias llamada Alcal\u00e1 centro integral y como dur\u00f3 poco se cre\u00f3 en octubre del a\u00f1o 2000 se cre\u00f3 instalaciones alcala santa ana sociedad cooperativa andaluza que con los socios se pas\u00f3 a otra sociedad limitada llamada instalcal\u00e1, en el a\u00f1o 2013 se deshizo y se cre\u00f3 tal y como se llama ahora Paco Collado Instalaciones.<\/span><\/p>\n<p><iframe src=\"https:\/\/www.google.com\/maps\/embed?pb=!1m18!1m12!1m3!1d395.8860963532932!2d-3.9194944174711996!3d37.458625918444795!2m3!1f0!2f0!3f0!3m2!1i1024!2i768!4f13.1!3m3!1m2!1s0xd6defc7cd4e8151%3A0x70cacd6c63f9877!2sPaco%20Collado%20Instalaciones!5e0!3m2!1ses!2ses!4v1718293304780!5m2!1ses!2ses\" width=\"600\" height=\"450\" style=\"border:0;\" allowfullscreen=\"\" loading=\"lazy\" referrerpolicy=\"no-referrer-when-downgrade\"><\/iframe><\/p>\n","protected":false},"excerpt":{"rendered":"<p>\u00a0La empresa fue fundada en 1991 con un familiar llamada instalaciones el\u00e9ctricas montenegro hasta 1993, despu\u00e9s se cre\u00f3 en 1993 instalaciones paco collado hasta el a\u00f1o 2000, que se cre\u00f3 una sociedad limitada que dur\u00f3 tan solo 15 dias llamada Alcal\u00e1 centro integral y como dur\u00f3 poco se cre\u00f3 en octubre del a\u00f1o 2000 se<span class=\"post-excerpt-end\">&hellip;<\/span><\/p>\n<p class=\"more-link\"><a href=\"https:\/\/pacocollado.es\/index.php\/sobre-nosotros\/\" class=\"themebutton\">Leer m\u00e1s<\/a><\/p>\n","protected":false},"author":1,"featured_media":0,"parent":0,"menu_order":0,"comment_status":"closed","ping_status":"closed","template":"","meta":{"footnotes":""},"class_list":["post-12","page","type-page","status-publish","hentry"],"_links":{"self":[{"href":"https:\/\/pacocollado.es\/index.php\/wp-json\/wp\/v2\/pages\/12","targetHints":{"allow":["GET"]}}],"collection":[{"href":"https:\/\/pacocollado.es\/index.php\/wp-json\/wp\/v2\/pages"}],"about":[{"href":"https:\/\/pacocollado.es\/index.php\/wp-json\/wp\/v2\/types\/page"}],"author":[{"embeddable":true,"href":"https:\/\/pacocollado.es\/index.php\/wp-json\/wp\/v2\/users\/1"}],"replies":[{"embeddable":true,"href":"https:\/\/pacocollado.es\/index.php\/wp-json\/wp\/v2\/comments?post=12"}],"version-history":[{"count":6,"href":"https:\/\/pacocollado.es\/index.php\/wp-json\/wp\/v2\/pages\/12\/revisions"}],"predecessor-version":[{"id":83,"href":"https:\/\/pacocollado.es\/index.php\/wp-json\/wp\/v2\/pages\/12\/revisions\/83"}],"wp:attachment":[{"href":"https:\/\/pacocollado.es\/index.php\/wp-json\/wp\/v2\/media?parent=12"}],"curies":[{"name":"wp","href":"https:\/\/api.w.org\/{rel}","templated":true}]}}